{"id":880,"date":"2017-02-28T16:07:24","date_gmt":"2017-02-28T15:07:24","guid":{"rendered":"http:\/\/lizzit.it\/?page_id=880"},"modified":"2017-03-05T23:45:48","modified_gmt":"2017-03-05T22:45:48","slug":"ellittiche","status":"publish","type":"page","link":"https:\/\/lizzit.it\/it\/ellittiche\/","title":{"rendered":"Ellittiche &#8211; App delle circolari"},"content":{"rendered":"<p><span style=\"font-weight: 400;\"><a href=\"https:\/\/lizzit.it\/italiano-ellittiche-app-delle-circolari\/banner\/\" rel=\"attachment wp-att-888\"><img loading=\"lazy\" decoding=\"async\" class=\"aligncenter wp-image-888 size-full\" src=\"http:\/\/lizzit.it\/wp-content\/uploads\/2017\/02\/banner.png\" width=\"1024\" height=\"500\" srcset=\"https:\/\/lizzit.it\/wp-content\/uploads\/2017\/02\/banner.png 1024w, https:\/\/lizzit.it\/wp-content\/uploads\/2017\/02\/banner-300x146.png 300w, https:\/\/lizzit.it\/wp-content\/uploads\/2017\/02\/banner-768x375.png 768w\" sizes=\"auto, (max-width: 1024px) 100vw, 1024px\" \/><\/a><\/span><\/p>\n<p>&nbsp;<\/p>\n<figure id=\"attachment_889\" aria-describedby=\"caption-attachment-889\" style=\"width: 278px\" class=\"wp-caption alignright\"><a href=\"https:\/\/lizzit.it\/italiano-ellittiche-app-delle-circolari\/ic_launcher\/\" rel=\"attachment wp-att-889\"><img loading=\"lazy\" decoding=\"async\" class=\"wp-image-889\" src=\"http:\/\/lizzit.it\/wp-content\/uploads\/2017\/02\/ic_launcher-300x300.png\" alt=\"Il logo dell'applicazione\" width=\"278\" height=\"278\" srcset=\"https:\/\/lizzit.it\/wp-content\/uploads\/2017\/02\/ic_launcher-300x300.png 300w, https:\/\/lizzit.it\/wp-content\/uploads\/2017\/02\/ic_launcher-150x150.png 150w, https:\/\/lizzit.it\/wp-content\/uploads\/2017\/02\/ic_launcher.png 512w\" sizes=\"auto, (max-width: 278px) 100vw, 278px\" \/><\/a><figcaption id=\"caption-attachment-889\" class=\"wp-caption-text\">Il logo dell&#8217;applicazione<\/figcaption><\/figure>\n<p><span style=\"font-weight: 400;\">Nella mia scuola (Liceo Copernico di Udine) dall\u2019introduzione del registro elettronico, due anni fa, le circolari non vengono pi\u00f9 lette in classe e ogni studente quindi, per leggerle, \u00e8 tenuto ad accedere al sito della scuola. Il sito \u00e8 tuttavia scomodo poich\u00e9 non \u00e8 possibile ricevere una notifica ogni volta che una nuova circolare viene pubblicata (quella volta non c\u2019era ancora il feed RSS).<\/span><\/p>\n<p><span style=\"font-weight: 400;\">In un weekend libero ho quindi pensato di realizzare una semplice app che visualizza le circolari in modo pi\u00f9 ordinato rispetto al sito, che invia una notifica alla pubblicazione di ogni nuova circolare, e che, con una funzione di ricerca, consente all\u2019utente di filtrare le circolari in base a delle parole chiave.<\/span><\/p>\n<p><span style=\"font-weight: 400;\">La app ha inoltre una funzione che consente agli studenti di ricevere solo le notifiche delle circolari relative alla propria classe.<\/span><\/p>\n<p><span style=\"font-weight: 400;\">La app \u00e8 attualmente disponibile sul Play Store ed \u00e8 scaricabile gratuitamente: <a href=\"https:\/\/lizzit.it\/circolari\">https:\/\/lizzit.it\/circolari<\/a><\/span><\/p>\n<p><a href=\"https:\/\/play.google.com\/store\/apps\/details?id=lol.uranium.circolaricopernico&amp;hl=it&amp;pcampaignid=MKT-Other-global-all-co-prtnr-py-PartBadge-Mar2515-1\"><img loading=\"lazy\" decoding=\"async\" class=\"\" src=\"https:\/\/play.google.com\/intl\/en_us\/badges\/images\/generic\/it_badge_web_generic.png\" alt=\"Disponibile su Google Play\" width=\"287\" height=\"111\" \/><\/a><\/p>\n<p>&nbsp;<\/p>\n<p><div id='gallery-2' class='czr-gallery row flex-row czr-gallery-style gallery galleryid-880 gallery-columns-3 gallery-size-medium'><figure class='gallery-item col col-auto'>\r\n                        <div class='gallery-icon portrait czr-gallery-icon'>\r\n                              <a href=https:\/\/lizzit.it\/it\/ellittiche\/screenshot_1479240382\/ class=\"bg-link\"><\/a><img loading=\"lazy\" decoding=\"async\" width=\"180\" height=\"300\" src=\"https:\/\/lizzit.it\/wp-content\/uploads\/2017\/02\/Screenshot_1479240382-180x300.png\" class=\"attachment-medium size-medium\" alt=\"\" sizes=\"auto, (min-width: 1200px) 255px, (min-width: 992px) 210px, (min-width: 576px) 150px, calc( 50vw - 30px )\" srcset=\"https:\/\/lizzit.it\/wp-content\/uploads\/2017\/02\/Screenshot_1479240382-180x300.png 180w, https:\/\/lizzit.it\/wp-content\/uploads\/2017\/02\/Screenshot_1479240382.png 768w, https:\/\/lizzit.it\/wp-content\/uploads\/2017\/02\/Screenshot_1479240382-614x1024.png 614w\" \/><div class=\"post-action btn btn-skin-dark-shaded inverted\"><a href=\"https:\/\/lizzit.it\/wp-content\/uploads\/2017\/02\/Screenshot_1479240382.png\" class=\"icn-expand\" data-lb-type=\"grouped-gallery\"><\/a><\/div>\r\n                        <\/div><\/figure><figure class='gallery-item col col-auto'>\r\n                        <div class='gallery-icon portrait czr-gallery-icon'>\r\n                              <a href=https:\/\/lizzit.it\/it\/ellittiche\/screenshot_1479240368\/ class=\"bg-link\"><\/a><img loading=\"lazy\" decoding=\"async\" width=\"180\" height=\"300\" src=\"https:\/\/lizzit.it\/wp-content\/uploads\/2017\/02\/Screenshot_1479240368-180x300.png\" class=\"attachment-medium size-medium\" alt=\"\" sizes=\"auto, (min-width: 1200px) 255px, (min-width: 992px) 210px, (min-width: 576px) 150px, calc( 50vw - 30px )\" srcset=\"https:\/\/lizzit.it\/wp-content\/uploads\/2017\/02\/Screenshot_1479240368-180x300.png 180w, https:\/\/lizzit.it\/wp-content\/uploads\/2017\/02\/Screenshot_1479240368.png 768w, https:\/\/lizzit.it\/wp-content\/uploads\/2017\/02\/Screenshot_1479240368-614x1024.png 614w\" \/><div class=\"post-action btn btn-skin-dark-shaded inverted\"><a href=\"https:\/\/lizzit.it\/wp-content\/uploads\/2017\/02\/Screenshot_1479240368.png\" class=\"icn-expand\" data-lb-type=\"grouped-gallery\"><\/a><\/div>\r\n                        <\/div><\/figure><figure class='gallery-item col col-auto'>\r\n                        <div class='gallery-icon portrait czr-gallery-icon'>\r\n                              <a href=https:\/\/lizzit.it\/it\/ellittiche\/screenshot_1479240359\/ class=\"bg-link\"><\/a><img loading=\"lazy\" decoding=\"async\" width=\"180\" height=\"300\" src=\"https:\/\/lizzit.it\/wp-content\/uploads\/2017\/02\/Screenshot_1479240359-180x300.png\" class=\"attachment-medium size-medium\" alt=\"\" sizes=\"auto, (min-width: 1200px) 255px, (min-width: 992px) 210px, (min-width: 576px) 150px, calc( 50vw - 30px )\" srcset=\"https:\/\/lizzit.it\/wp-content\/uploads\/2017\/02\/Screenshot_1479240359-180x300.png 180w, https:\/\/lizzit.it\/wp-content\/uploads\/2017\/02\/Screenshot_1479240359.png 768w, https:\/\/lizzit.it\/wp-content\/uploads\/2017\/02\/Screenshot_1479240359-614x1024.png 614w\" \/><div class=\"post-action btn btn-skin-dark-shaded inverted\"><a href=\"https:\/\/lizzit.it\/wp-content\/uploads\/2017\/02\/Screenshot_1479240359.png\" class=\"icn-expand\" data-lb-type=\"grouped-gallery\"><\/a><\/div>\r\n                        <\/div><\/figure>\r\n                  <\/div>\n<\/p>","protected":false},"excerpt":{"rendered":"<p>&nbsp; Nella mia scuola (Liceo Copernico di Udine) dall\u2019introduzione del registro elettronico, due anni fa, le circolari non vengono pi\u00f9 lette in classe e ogni studente quindi, per leggerle, \u00e8 tenuto ad accedere al sito della scuola. Il sito \u00e8 tuttavia scomodo poich\u00e9 non \u00e8 possibile ricevere una notifica ogni volta che una nuova circolare [&hellip;]<\/p>\n","protected":false},"author":1,"featured_media":889,"parent":0,"menu_order":0,"comment_status":"closed","ping_status":"closed","template":"","meta":{"footnotes":""},"class_list":["post-880","page","type-page","status-publish","has-post-thumbnail","czr-hentry"],"_links":{"self":[{"href":"https:\/\/lizzit.it\/it\/wp-json\/wp\/v2\/pages\/880","targetHints":{"allow":["GET"]}}],"collection":[{"href":"https:\/\/lizzit.it\/it\/wp-json\/wp\/v2\/pages"}],"about":[{"href":"https:\/\/lizzit.it\/it\/wp-json\/wp\/v2\/types\/page"}],"author":[{"embeddable":true,"href":"https:\/\/lizzit.it\/it\/wp-json\/wp\/v2\/users\/1"}],"replies":[{"embeddable":true,"href":"https:\/\/lizzit.it\/it\/wp-json\/wp\/v2\/comments?post=880"}],"version-history":[{"count":6,"href":"https:\/\/lizzit.it\/it\/wp-json\/wp\/v2\/pages\/880\/revisions"}],"predecessor-version":[{"id":946,"href":"https:\/\/lizzit.it\/it\/wp-json\/wp\/v2\/pages\/880\/revisions\/946"}],"wp:featuredmedia":[{"embeddable":true,"href":"https:\/\/lizzit.it\/it\/wp-json\/wp\/v2\/media\/889"}],"wp:attachment":[{"href":"https:\/\/lizzit.it\/it\/wp-json\/wp\/v2\/media?parent=880"}],"curies":[{"name":"wp","href":"https:\/\/api.w.org\/{rel}","templated":true}]}}