{"id":559,"date":"2015-07-13T12:45:41","date_gmt":"2015-07-13T10:45:41","guid":{"rendered":"http:\/\/lizzit.it\/?page_id=559"},"modified":"2017-05-02T18:22:05","modified_gmt":"2017-05-02T16:22:05","slug":"geiger","status":"publish","type":"page","link":"https:\/\/lizzit.it\/it\/geiger\/","title":{"rendered":"Il contatore Geiger"},"content":{"rendered":"<p><figure id=\"attachment_563\" aria-describedby=\"caption-attachment-563\" style=\"width: 561px\" class=\"wp-caption alignright\"><a href=\"http:\/\/lizzit.it\/wp-content\/uploads\/2015\/07\/IMG_20150709_134445.jpg\"><img loading=\"lazy\" decoding=\"async\" class=\"wp-image-563\" src=\"http:\/\/lizzit.it\/wp-content\/uploads\/2015\/07\/IMG_20150709_134445-1024x768.jpg\" alt=\"IMG_20150709_134445\" width=\"561\" height=\"421\" srcset=\"https:\/\/lizzit.it\/wp-content\/uploads\/2015\/07\/IMG_20150709_134445-1024x768.jpg 1024w, https:\/\/lizzit.it\/wp-content\/uploads\/2015\/07\/IMG_20150709_134445-300x225.jpg 300w\" sizes=\"auto, (max-width: 561px) 100vw, 561px\" \/><\/a><figcaption id=\"caption-attachment-563\" class=\"wp-caption-text\">Il contatore Geiger, versione finale<\/figcaption><\/figure><\/p>\n<p>Avendo in mente di costruirmi un contatore Geiger, ho comprato due sonde, una SBT10A e una SBM20, e un Theremino Geiger Adapter che fornisce la tensione necessaria alla sonda per funzionare e rileva gli eventi di ionizzazione che avvengono nella sonda. Ho quindi costruito un primo prototipo con un Arduino e una breadboard. Con questo ho iniziato a fare misurazioni riuscendo a stimare la radioattivit\u00e0 del sale iposodico misurando le radiazioni emesse dal radioisotopo (K40) che contiene; ho anche scoperto che il mio pavimento emette una quantit\u00e0 rilevabile di radiazioni. Dopo avere quindi verificato il funzionamento della sonda, dato che il primo prototipo su breadboard non era molto trasportabile, ho saldato su una millefori tutti i componenti necessari al funzionamento (DC-DC converter step down per ridurre a 5V la tensione della batteria (12V,1.2 Ah) che ho inserito nella scatola, generatore di alta tensione (400V) per la sonda SBT10A , buzzer, led, connettori per pulsanti esterni, connettore per LCD (il solito 20&#215;4 compatibile HD44780), un Atmega328. Per il codice ho scelto il linguaggio C perch\u00e8 pi\u00f9 veloce del Wiring (il software \u00e8 ancora molto grezzo, nelle foto ho usato la prima bozza di codice che avevo scritto in Wiring per l\u2019Arduino). Ho usato il connettore ICSP sia per la programmazione tramite ISP, sia per il buzzer: di conseguenza per programmare il processore \u00e8 necessario scollegare temporaneamente il buzzer.<\/p>\n<figure id=\"attachment_564\" aria-describedby=\"caption-attachment-564\" style=\"width: 337px\" class=\"wp-caption alignleft\"><img loading=\"lazy\" decoding=\"async\" class=\" wp-image-564\" src=\"http:\/\/lizzit.it\/wp-content\/uploads\/2015\/07\/IMG_20150709_135102-1024x882.jpg\" alt=\"IMG_20150709_135102\" width=\"337\" height=\"290\" srcset=\"https:\/\/lizzit.it\/wp-content\/uploads\/2015\/07\/IMG_20150709_135102-1024x882.jpg 1024w, https:\/\/lizzit.it\/wp-content\/uploads\/2015\/07\/IMG_20150709_135102-300x259.jpg 300w\" sizes=\"auto, (max-width: 337px) 100vw, 337px\" \/><figcaption id=\"caption-attachment-564\" class=\"wp-caption-text\">Il contatore Geiger, dettaglio LCD<\/figcaption><\/figure>\n<p>L\u2019alimentazione per l\u2019elettronica \u00e8 fornita da un accumulatore ricaricabile piombo-acido a 12V; la tensione viene poi ridotta a 5V da un regolatore step down 2A. Attualmente l\u2019unica sonda collegata \u00e8 la sbt10A ma in futuro vorrei anche fare una sonda esterna con la SBM20 e aggiungere uno switch per scegliere quale sonda usare.<br \/>\nLa sbt10A \u00e8 una sonda molto sensibile e rileva bene anche le radiazioni alfa (secondo il datasheet, non ho mai avuto modo di verificarlo personalmente).<br \/>\nIl fondo naturale che ho misurato in camera mia al primo piano \u00e8 120-130CPM, la mia casa \u00e8 vicino a Udine e la misurazione \u00e8 stata fatta a 1m circa dal pavimento (ho il parquet, non piastrelle).<br \/>\nHo notato anche che la sonda \u00e8 particolarmente sensibile ai disturbi elettromagnetici a bassa frequenza: accendendo il lampadario (5 lampade alogene a 220V AC da 60W ciascuna) i valori rilevati aumentano notevolemente pur non essendoci alcuna sorgente di radiazioni ionizzanti nelle vicinanze; un fatto analogo si verifica con la mia scrivania dove sono presenti le periferiche del mio pc e dove durante il funzionamento i disturbi elettromagnetici sono notevoli.<br \/>\nHo ottenuto degli interessanti valori anche con il sale dietetico (~400CPM), a causa del K contenuto nel sale dietetico che in natura si trova misto in 3 isotopi di cui uno (il K40) instabile.<\/p>\n<figure id=\"attachment_999\" aria-describedby=\"caption-attachment-999\" style=\"width: 388px\" class=\"wp-caption alignright\"><a href=\"http:\/\/lizzit.it\/img_20170502_165907\/\"><img loading=\"lazy\" decoding=\"async\" class=\"wp-image-999\" src=\"http:\/\/lizzit.it\/wp-content\/uploads\/2017\/05\/IMG_20170502_165907-1024x768.jpg\" alt=\"\" width=\"388\" height=\"291\" srcset=\"https:\/\/lizzit.it\/wp-content\/uploads\/2017\/05\/IMG_20170502_165907-1024x768.jpg 1024w, https:\/\/lizzit.it\/wp-content\/uploads\/2017\/05\/IMG_20170502_165907-300x225.jpg 300w, https:\/\/lizzit.it\/wp-content\/uploads\/2017\/05\/IMG_20170502_165907-768x576.jpg 768w\" sizes=\"auto, (max-width: 388px) 100vw, 388px\" \/><\/a><figcaption id=\"caption-attachment-999\" class=\"wp-caption-text\">The pocket-sized geiger counter<\/figcaption><\/figure>\n<p>Appena avr\u00f2 un po\u2019 di tempo a disposizione pubblicher\u00f2 il codice e gli schemi.<\/p>\n<p>Ho inoltre recentemente costruito una versione tascabile del contatore utilizzando la sonda SBM20 che avevo acquistato insieme all&#8217;altra. Il contatore tascabile \u00e8 circa 10 volte meno sensibile di questo e rileva solo radiazione beta e gamma. \u00c8 alimentato da una batteria ricaricabile Ni-MH 9V e ha un&#8217;autonomia di circa 24h di funzionamento continuo. Pubblicher\u00f2 fra poco \u00a0anche le foto e i dettagli del geiger tascabile.<\/p>\n<p>AGGIORNAMENTO 2\/2\/2017: Il codice sorgente e gli schemi della versione tascabile (chiamata Geigerino) sono disponibili su GitHub:<br \/>\n<a href=\"https:\/\/github.com\/michelelizzit\/geigerino\">https:\/\/github.com\/michelelizzit\/geigerino<\/a><\/p>\n<p><script async defer src=\"https:\/\/buttons.github.io\/buttons.js\"><\/script><\/p>\n<p><a class=\"github-button\" href=\"https:\/\/github.com\/michelelizzit\" data-style=\"mega\" data-show-count=\"true\">Follow @michelelizzit<\/a> <a class=\"github-button\" href=\"https:\/\/github.com\/michelelizzit\/geigerino\/archive\/master.zip\" data-icon=\"octicon-cloud-download\" data-style=\"mega\">Download<\/a><\/p>\n<p>&nbsp;<\/p>\n<p>&nbsp;<\/p>\n<p><div id='gallery-2' class='czr-gallery row flex-row czr-gallery-style gallery galleryid-559 gallery-columns-2 gallery-size-medium'><figure class='gallery-item col col-auto'>\r\n                        <div class='gallery-icon landscape czr-gallery-icon'>\r\n                              <a href=https:\/\/lizzit.it\/it\/geiger\/img_20150709_134731\/ class=\"bg-link\"><\/a><img loading=\"lazy\" decoding=\"async\" width=\"300\" height=\"225\" src=\"https:\/\/lizzit.it\/wp-content\/uploads\/2015\/07\/IMG_20150709_134731-300x225.jpg\" class=\"attachment-medium size-medium\" alt=\"Il contatore Geiger che ho costruito\" sizes=\"auto, (min-width: 1200px) 397.5px, (min-width: 992px) 330px, (min-width: 576px) 240px, calc( 50vw - 30px )\" aria-describedby=\"gallery-2-567\" srcset=\"https:\/\/lizzit.it\/wp-content\/uploads\/2015\/07\/IMG_20150709_134731-300x225.jpg 300w, https:\/\/lizzit.it\/wp-content\/uploads\/2015\/07\/IMG_20150709_134731-1024x768.jpg 1024w\" \/><div class=\"post-action btn btn-skin-dark-shaded inverted\"><a href=\"https:\/\/lizzit.it\/wp-content\/uploads\/2015\/07\/IMG_20150709_134731.jpg\" class=\"icn-expand\" data-lb-type=\"grouped-gallery\" title=\"Il contatore Geiger, parte interna\"><\/a><\/div>\r\n                        <\/div>\r\n                              <figcaption class='wp-caption-text gallery-caption' id='gallery-2-567'>\r\n                              Il contatore Geiger, parte interna\r\n                              <\/figcaption><\/figure><figure class='gallery-item col col-auto'>\r\n                        <div class='gallery-icon landscape czr-gallery-icon'>\r\n                              <a href=https:\/\/lizzit.it\/it\/geiger\/img_20150709_134725\/ class=\"bg-link\"><\/a><img loading=\"lazy\" decoding=\"async\" width=\"300\" height=\"225\" src=\"https:\/\/lizzit.it\/wp-content\/uploads\/2015\/07\/IMG_20150709_134725-300x225.jpg\" class=\"attachment-medium size-medium\" alt=\"Il contatore Geiger che ho costruito\" sizes=\"auto, (min-width: 1200px) 397.5px, (min-width: 992px) 330px, (min-width: 576px) 240px, calc( 50vw - 30px )\" aria-describedby=\"gallery-2-566\" srcset=\"https:\/\/lizzit.it\/wp-content\/uploads\/2015\/07\/IMG_20150709_134725-300x225.jpg 300w, https:\/\/lizzit.it\/wp-content\/uploads\/2015\/07\/IMG_20150709_134725-1024x768.jpg 1024w\" \/><div class=\"post-action btn btn-skin-dark-shaded inverted\"><a href=\"https:\/\/lizzit.it\/wp-content\/uploads\/2015\/07\/IMG_20150709_134725.jpg\" class=\"icn-expand\" data-lb-type=\"grouped-gallery\" title=\"Il contatore Geiger, parte interna\"><\/a><\/div>\r\n                        <\/div>\r\n                              <figcaption class='wp-caption-text gallery-caption' id='gallery-2-566'>\r\n                              Il contatore Geiger, parte interna\r\n                              <\/figcaption><\/figure><figure class='gallery-item col col-auto'>\r\n                        <div class='gallery-icon landscape czr-gallery-icon'>\r\n                              <a href=https:\/\/lizzit.it\/it\/geiger\/img_20150709_134752_sd\/ class=\"bg-link\"><\/a><img loading=\"lazy\" decoding=\"async\" width=\"300\" height=\"222\" src=\"https:\/\/lizzit.it\/wp-content\/uploads\/2015\/07\/IMG_20150709_134752_SD-300x222.jpg\" class=\"attachment-medium size-medium\" alt=\"Il contatore Geiger che ho costruito\" sizes=\"auto, (min-width: 1200px) 397.5px, (min-width: 992px) 330px, (min-width: 576px) 240px, calc( 50vw - 30px )\" aria-describedby=\"gallery-2-565\" srcset=\"https:\/\/lizzit.it\/wp-content\/uploads\/2015\/07\/IMG_20150709_134752_SD-300x222.jpg 300w, https:\/\/lizzit.it\/wp-content\/uploads\/2015\/07\/IMG_20150709_134752_SD-1024x759.jpg 1024w\" \/><div class=\"post-action btn btn-skin-dark-shaded inverted\"><a href=\"https:\/\/lizzit.it\/wp-content\/uploads\/2015\/07\/IMG_20150709_134752_SD.jpg\" class=\"icn-expand\" data-lb-type=\"grouped-gallery\" title=\"Il contatore Geiger, parte interna\"><\/a><\/div>\r\n                        <\/div>\r\n                              <figcaption class='wp-caption-text gallery-caption' id='gallery-2-565'>\r\n                              Il contatore Geiger, parte interna\r\n                              <\/figcaption><\/figure><figure class='gallery-item col col-auto'>\r\n                        <div class='gallery-icon portrait czr-gallery-icon'>\r\n                              <a href=https:\/\/lizzit.it\/it\/geiger\/img_20150207_123348\/ class=\"bg-link\"><\/a><img loading=\"lazy\" decoding=\"async\" width=\"254\" height=\"300\" src=\"https:\/\/lizzit.it\/wp-content\/uploads\/2015\/07\/IMG_20150207_123348-254x300.jpg\" class=\"attachment-medium size-medium\" alt=\"Il contatore Geiger che ho costruito\" sizes=\"auto, (min-width: 1200px) 397.5px, (min-width: 992px) 330px, (min-width: 576px) 240px, calc( 50vw - 30px )\" aria-describedby=\"gallery-2-562\" srcset=\"https:\/\/lizzit.it\/wp-content\/uploads\/2015\/07\/IMG_20150207_123348-254x300.jpg 254w, https:\/\/lizzit.it\/wp-content\/uploads\/2015\/07\/IMG_20150207_123348-867x1024.jpg 867w\" \/><div class=\"post-action btn btn-skin-dark-shaded inverted\"><a href=\"https:\/\/lizzit.it\/wp-content\/uploads\/2015\/07\/IMG_20150207_123348.jpg\" class=\"icn-expand\" data-lb-type=\"grouped-gallery\" title=\"Il contatore Geiger, collegamenti LCD e pulsanti\"><\/a><\/div>\r\n                        <\/div>\r\n                              <figcaption class='wp-caption-text gallery-caption' id='gallery-2-562'>\r\n                              Il contatore Geiger, collegamenti LCD e pulsanti\r\n                              <\/figcaption><\/figure><figure class='gallery-item col col-auto'>\r\n                        <div class='gallery-icon landscape czr-gallery-icon'>\r\n                              <a href=https:\/\/lizzit.it\/it\/geiger\/img_20150709_134445\/ class=\"bg-link\"><\/a><img loading=\"lazy\" decoding=\"async\" width=\"300\" height=\"225\" src=\"https:\/\/lizzit.it\/wp-content\/uploads\/2015\/07\/IMG_20150709_134445-300x225.jpg\" class=\"attachment-medium size-medium\" alt=\"Il contatore Geiger che ho costruito\" sizes=\"auto, (min-width: 1200px) 397.5px, (min-width: 992px) 330px, (min-width: 576px) 240px, calc( 50vw - 30px )\" aria-describedby=\"gallery-2-563\" srcset=\"https:\/\/lizzit.it\/wp-content\/uploads\/2015\/07\/IMG_20150709_134445-300x225.jpg 300w, https:\/\/lizzit.it\/wp-content\/uploads\/2015\/07\/IMG_20150709_134445-1024x768.jpg 1024w\" \/><div class=\"post-action btn btn-skin-dark-shaded inverted\"><a href=\"https:\/\/lizzit.it\/wp-content\/uploads\/2015\/07\/IMG_20150709_134445.jpg\" class=\"icn-expand\" data-lb-type=\"grouped-gallery\" title=\"Il contatore Geiger, versione finale\"><\/a><\/div>\r\n                        <\/div>\r\n                              <figcaption class='wp-caption-text gallery-caption' id='gallery-2-563'>\r\n                              Il contatore Geiger, versione finale\r\n                              <\/figcaption><\/figure><figure class='gallery-item col col-auto'>\r\n                        <div class='gallery-icon landscape czr-gallery-icon'>\r\n                              <a href=https:\/\/lizzit.it\/it\/geiger\/img_20150709_135102\/ class=\"bg-link\"><\/a><img loading=\"lazy\" decoding=\"async\" width=\"300\" height=\"259\" src=\"https:\/\/lizzit.it\/wp-content\/uploads\/2015\/07\/IMG_20150709_135102-300x259.jpg\" class=\"attachment-medium size-medium\" alt=\"Il contatore Geiger che ho costruito\" sizes=\"auto, (min-width: 1200px) 397.5px, (min-width: 992px) 330px, (min-width: 576px) 240px, calc( 50vw - 30px )\" aria-describedby=\"gallery-2-564\" srcset=\"https:\/\/lizzit.it\/wp-content\/uploads\/2015\/07\/IMG_20150709_135102-300x259.jpg 300w, https:\/\/lizzit.it\/wp-content\/uploads\/2015\/07\/IMG_20150709_135102-1024x882.jpg 1024w\" \/><div class=\"post-action btn btn-skin-dark-shaded inverted\"><a href=\"https:\/\/lizzit.it\/wp-content\/uploads\/2015\/07\/IMG_20150709_135102.jpg\" class=\"icn-expand\" data-lb-type=\"grouped-gallery\" title=\"Il contatore Geiger, dettaglio LCD\"><\/a><\/div>\r\n                        <\/div>\r\n                              <figcaption class='wp-caption-text gallery-caption' id='gallery-2-564'>\r\n                              Il contatore Geiger, dettaglio LCD\r\n                              <\/figcaption><\/figure><figure class='gallery-item col col-auto'>\r\n                        <div class='gallery-icon landscape czr-gallery-icon'>\r\n                              <a href=https:\/\/lizzit.it\/it\/geiger\/img_20170502_165907\/ class=\"bg-link\"><\/a><img loading=\"lazy\" decoding=\"async\" width=\"300\" height=\"225\" src=\"https:\/\/lizzit.it\/wp-content\/uploads\/2017\/05\/IMG_20170502_165907-300x225.jpg\" class=\"attachment-medium size-medium\" alt=\"\" sizes=\"auto, (min-width: 1200px) 397.5px, (min-width: 992px) 330px, (min-width: 576px) 240px, calc( 50vw - 30px )\" aria-describedby=\"gallery-2-999\" srcset=\"https:\/\/lizzit.it\/wp-content\/uploads\/2017\/05\/IMG_20170502_165907-300x225.jpg 300w, https:\/\/lizzit.it\/wp-content\/uploads\/2017\/05\/IMG_20170502_165907-768x576.jpg 768w, https:\/\/lizzit.it\/wp-content\/uploads\/2017\/05\/IMG_20170502_165907-1024x768.jpg 1024w\" \/><div class=\"post-action btn btn-skin-dark-shaded inverted\"><a href=\"https:\/\/lizzit.it\/wp-content\/uploads\/2017\/05\/IMG_20170502_165907.jpg\" class=\"icn-expand\" data-lb-type=\"grouped-gallery\" title=\"The pocket-sized geiger counter\"><\/a><\/div>\r\n                        <\/div>\r\n                              <figcaption class='wp-caption-text gallery-caption' id='gallery-2-999'>\r\n                              The pocket-sized geiger counter\r\n                              <\/figcaption><\/figure><figure class='gallery-item col col-auto'>\r\n                        <div class='gallery-icon landscape czr-gallery-icon'>\r\n                              <a href=https:\/\/lizzit.it\/it\/geiger\/img_20170502_170158\/ class=\"bg-link\"><\/a><img loading=\"lazy\" decoding=\"async\" width=\"300\" height=\"225\" src=\"https:\/\/lizzit.it\/wp-content\/uploads\/2017\/05\/IMG_20170502_170158-300x225.jpg\" class=\"attachment-medium size-medium\" alt=\"\" sizes=\"auto, (min-width: 1200px) 397.5px, (min-width: 992px) 330px, (min-width: 576px) 240px, calc( 50vw - 30px )\" aria-describedby=\"gallery-2-998\" srcset=\"https:\/\/lizzit.it\/wp-content\/uploads\/2017\/05\/IMG_20170502_170158-300x225.jpg 300w, https:\/\/lizzit.it\/wp-content\/uploads\/2017\/05\/IMG_20170502_170158-768x576.jpg 768w, https:\/\/lizzit.it\/wp-content\/uploads\/2017\/05\/IMG_20170502_170158-1024x768.jpg 1024w\" \/><div class=\"post-action btn btn-skin-dark-shaded inverted\"><a href=\"https:\/\/lizzit.it\/wp-content\/uploads\/2017\/05\/IMG_20170502_170158.jpg\" class=\"icn-expand\" data-lb-type=\"grouped-gallery\" title=\"The pocket-sized geiger counter\"><\/a><\/div>\r\n                        <\/div>\r\n                              <figcaption class='wp-caption-text gallery-caption' id='gallery-2-998'>\r\n                              The pocket-sized geiger counter\r\n                              <\/figcaption><\/figure><figure class='gallery-item col col-auto'>\r\n                        <div class='gallery-icon landscape czr-gallery-icon'>\r\n                              <a href=https:\/\/lizzit.it\/it\/img_20170502_165838\/ class=\"bg-link\"><\/a><img loading=\"lazy\" decoding=\"async\" width=\"300\" height=\"225\" src=\"https:\/\/lizzit.it\/wp-content\/uploads\/2017\/05\/IMG_20170502_165838-300x225.jpg\" class=\"attachment-medium size-medium\" alt=\"\" sizes=\"auto, (min-width: 1200px) 397.5px, (min-width: 992px) 330px, (min-width: 576px) 240px, calc( 50vw - 30px )\" aria-describedby=\"gallery-2-998\" srcset=\"https:\/\/lizzit.it\/wp-content\/uploads\/2017\/05\/IMG_20170502_165838-300x225.jpg 300w, https:\/\/lizzit.it\/wp-content\/uploads\/2017\/05\/IMG_20170502_165838-768x576.jpg 768w, https:\/\/lizzit.it\/wp-content\/uploads\/2017\/05\/IMG_20170502_165838-1024x768.jpg 1024w\" \/><div class=\"post-action btn btn-skin-dark-shaded inverted\"><a href=\"https:\/\/lizzit.it\/wp-content\/uploads\/2017\/05\/IMG_20170502_165838.jpg\" class=\"icn-expand\" data-lb-type=\"grouped-gallery\"><\/a><\/div>\r\n                        <\/div><\/figure><figure class='gallery-item col col-auto'>\r\n                        <div class='gallery-icon landscape czr-gallery-icon'>\r\n                              <a href=https:\/\/lizzit.it\/it\/img_20170502_170143\/ class=\"bg-link\"><\/a><img loading=\"lazy\" decoding=\"async\" width=\"300\" height=\"225\" src=\"https:\/\/lizzit.it\/wp-content\/uploads\/2017\/05\/IMG_20170502_170143-300x225.jpg\" class=\"attachment-medium size-medium\" alt=\"\" sizes=\"auto, (min-width: 1200px) 397.5px, (min-width: 992px) 330px, (min-width: 576px) 240px, calc( 50vw - 30px )\" aria-describedby=\"gallery-2-998\" srcset=\"https:\/\/lizzit.it\/wp-content\/uploads\/2017\/05\/IMG_20170502_170143-300x225.jpg 300w, https:\/\/lizzit.it\/wp-content\/uploads\/2017\/05\/IMG_20170502_170143-768x576.jpg 768w, https:\/\/lizzit.it\/wp-content\/uploads\/2017\/05\/IMG_20170502_170143-1024x768.jpg 1024w\" \/><div class=\"post-action btn btn-skin-dark-shaded inverted\"><a href=\"https:\/\/lizzit.it\/wp-content\/uploads\/2017\/05\/IMG_20170502_170143.jpg\" class=\"icn-expand\" data-lb-type=\"grouped-gallery\"><\/a><\/div>\r\n                        <\/div><\/figure><figure class='gallery-item col col-auto'>\r\n                        <div class='gallery-icon landscape czr-gallery-icon'>\r\n                              <a href=https:\/\/lizzit.it\/it\/img_20170502_170255\/ class=\"bg-link\"><\/a><img loading=\"lazy\" decoding=\"async\" width=\"300\" height=\"225\" src=\"https:\/\/lizzit.it\/wp-content\/uploads\/2017\/05\/IMG_20170502_170255-300x225.jpg\" class=\"attachment-medium size-medium\" alt=\"\" sizes=\"auto, (min-width: 1200px) 397.5px, (min-width: 992px) 330px, (min-width: 576px) 240px, calc( 50vw - 30px )\" aria-describedby=\"gallery-2-998\" srcset=\"https:\/\/lizzit.it\/wp-content\/uploads\/2017\/05\/IMG_20170502_170255-300x225.jpg 300w, https:\/\/lizzit.it\/wp-content\/uploads\/2017\/05\/IMG_20170502_170255-768x576.jpg 768w, https:\/\/lizzit.it\/wp-content\/uploads\/2017\/05\/IMG_20170502_170255-1024x768.jpg 1024w\" \/><div class=\"post-action btn btn-skin-dark-shaded inverted\"><a href=\"https:\/\/lizzit.it\/wp-content\/uploads\/2017\/05\/IMG_20170502_170255.jpg\" class=\"icn-expand\" data-lb-type=\"grouped-gallery\"><\/a><\/div>\r\n                        <\/div><\/figure>\r\n                  <\/div>\n<\/p>","protected":false},"excerpt":{"rendered":"<p>Avendo in mente di costruirmi un contatore Geiger, ho comprato due sonde, una SBT10A e una SBM20, e un Theremino Geiger Adapter che fornisce la tensione necessaria alla sonda per funzionare e rileva gli eventi di ionizzazione che avvengono nella sonda. Ho quindi costruito un primo prototipo con un Arduino e una breadboard. Con questo [&hellip;]<\/p>\n","protected":false},"author":1,"featured_media":563,"parent":0,"menu_order":0,"comment_status":"open","ping_status":"closed","template":"","meta":{"footnotes":""},"class_list":["post-559","page","type-page","status-publish","has-post-thumbnail","czr-hentry"],"_links":{"self":[{"href":"https:\/\/lizzit.it\/it\/wp-json\/wp\/v2\/pages\/559","targetHints":{"allow":["GET"]}}],"collection":[{"href":"https:\/\/lizzit.it\/it\/wp-json\/wp\/v2\/pages"}],"about":[{"href":"https:\/\/lizzit.it\/it\/wp-json\/wp\/v2\/types\/page"}],"author":[{"embeddable":true,"href":"https:\/\/lizzit.it\/it\/wp-json\/wp\/v2\/users\/1"}],"replies":[{"embeddable":true,"href":"https:\/\/lizzit.it\/it\/wp-json\/wp\/v2\/comments?post=559"}],"version-history":[{"count":25,"href":"https:\/\/lizzit.it\/it\/wp-json\/wp\/v2\/pages\/559\/revisions"}],"predecessor-version":[{"id":1009,"href":"https:\/\/lizzit.it\/it\/wp-json\/wp\/v2\/pages\/559\/revisions\/1009"}],"wp:featuredmedia":[{"embeddable":true,"href":"https:\/\/lizzit.it\/it\/wp-json\/wp\/v2\/media\/563"}],"wp:attachment":[{"href":"https:\/\/lizzit.it\/it\/wp-json\/wp\/v2\/media?parent=559"}],"curies":[{"name":"wp","href":"https:\/\/api.w.org\/{rel}","templated":true}]}}