{"id":528,"date":"2015-07-07T23:03:29","date_gmt":"2015-07-07T21:03:29","guid":{"rendered":"http:\/\/lizzit.it\/?page_id=528"},"modified":"2015-09-09T19:27:06","modified_gmt":"2015-09-09T17:27:06","slug":"il-videocitofono","status":"publish","type":"page","link":"https:\/\/lizzit.it\/it\/il-videocitofono\/","title":{"rendered":"Il videocitofono"},"content":{"rendered":"<p><a href=\"http:\/\/lizzit.it\/wp-content\/uploads\/2015\/09\/schema2_SD.jpg\"><img loading=\"lazy\" decoding=\"async\" class=\"aligncenter size-large wp-image-604\" src=\"http:\/\/lizzit.it\/wp-content\/uploads\/2015\/09\/schema2_SD-1024x768.jpg\" alt=\"schema_videocitofono\" width=\"1024\" height=\"768\" srcset=\"https:\/\/lizzit.it\/wp-content\/uploads\/2015\/09\/schema2_SD-1024x768.jpg 1024w, https:\/\/lizzit.it\/wp-content\/uploads\/2015\/09\/schema2_SD-300x225.jpg 300w\" sizes=\"auto, (max-width: 1024px) 100vw, 1024px\" \/><\/a><\/p>\n<figure id=\"attachment_537\" aria-describedby=\"caption-attachment-537\" style=\"width: 300px\" class=\"wp-caption alignright\"><a href=\"http:\/\/lizzit.it\/wp-content\/uploads\/2015\/07\/IMG_20150706_192648_edit_SD.jpg\"><img loading=\"lazy\" decoding=\"async\" class=\"size-medium wp-image-537\" src=\"http:\/\/lizzit.it\/wp-content\/uploads\/2015\/07\/IMG_20150706_192648_edit_SD-300x225.jpg\" alt=\"Unit\u00e0 esterna\" width=\"300\" height=\"225\" srcset=\"https:\/\/lizzit.it\/wp-content\/uploads\/2015\/07\/IMG_20150706_192648_edit_SD-300x225.jpg 300w, https:\/\/lizzit.it\/wp-content\/uploads\/2015\/07\/IMG_20150706_192648_edit_SD-1024x768.jpg 1024w\" sizes=\"auto, (max-width: 300px) 100vw, 300px\" \/><\/a><figcaption id=\"caption-attachment-537\" class=\"wp-caption-text\">Unit\u00e0 esterna<\/figcaption><\/figure>\n<p>Il citofono di casa mia da tempo funzionava male, l\u2019audio era inascoltabile, il tasto dell\u2019apricancello si incastrava periodicamente, insomma era vecchio e obsoleto.<\/p>\n<p>Per questo ho deciso di sostituirlo con un videocitofono da me costruito.<\/p>\n<p>Quando viene premuto il campanello, i telefoni di casa squillano per 15 secondi con una suoneria differente rispetto a quella per una normale chiamata. Rispondendo al telefono si pu\u00f2 comunicare con il punto esterno. Alla pressione del pulsante esterno si accende inoltre il video che si spegne da solo dopo 2 minuti.<\/p>\n<figure id=\"attachment_539\" aria-describedby=\"caption-attachment-539\" style=\"width: 300px\" class=\"wp-caption alignleft\"><a href=\"http:\/\/lizzit.it\/wp-content\/uploads\/2015\/07\/IMG_20150706_193537_edit_SD.jpg\"><img loading=\"lazy\" decoding=\"async\" class=\"size-medium wp-image-539\" src=\"http:\/\/lizzit.it\/wp-content\/uploads\/2015\/07\/IMG_20150706_193537_edit_SD-300x225.jpg\" alt=\"Unit\u00e0 esterna\" width=\"300\" height=\"225\" srcset=\"https:\/\/lizzit.it\/wp-content\/uploads\/2015\/07\/IMG_20150706_193537_edit_SD-300x225.jpg 300w, https:\/\/lizzit.it\/wp-content\/uploads\/2015\/07\/IMG_20150706_193537_edit_SD-1024x768.jpg 1024w\" sizes=\"auto, (max-width: 300px) 100vw, 300px\" \/><\/a><figcaption id=\"caption-attachment-539\" class=\"wp-caption-text\">Unit\u00e0 esterna<\/figcaption><\/figure>\n<p>Se nessuno risponde al citofono entro il tempo impostato, viene avviata una segreteria telefonica differente da quella usata per le chiamata normali che invita chi ha suonato il campanello a lasciare un messaggio.<\/p>\n<p>Per accedere al citofono senza che nessuno prema il campanello \u00e8 necessario comporre un numero di quattro cifre sul telefono.<\/p>\n<figure id=\"attachment_582\" aria-describedby=\"caption-attachment-582\" style=\"width: 250px\" class=\"wp-caption alignright\"><a href=\"http:\/\/lizzit.it\/wp-content\/uploads\/2015\/07\/screenshot_telegram_edit.jpg\"><img loading=\"lazy\" decoding=\"async\" class=\"wp-image-582\" src=\"http:\/\/lizzit.it\/wp-content\/uploads\/2015\/07\/screenshot_telegram_edit-180x300.jpg\" alt=\"Il messaggio di notifica che viene inviato sul cellulare.\" width=\"250\" height=\"417\" srcset=\"https:\/\/lizzit.it\/wp-content\/uploads\/2015\/07\/screenshot_telegram_edit-180x300.jpg 180w, https:\/\/lizzit.it\/wp-content\/uploads\/2015\/07\/screenshot_telegram_edit-614x1024.jpg 614w, https:\/\/lizzit.it\/wp-content\/uploads\/2015\/07\/screenshot_telegram_edit.jpg 768w\" sizes=\"auto, (max-width: 250px) 100vw, 250px\" \/><\/a><figcaption id=\"caption-attachment-582\" class=\"wp-caption-text\">Il messaggio di notifica che viene inviato sul cellulare.<\/figcaption><\/figure>\n<p>Il citofono \u00e8 accessibile anche da remoto grazie a un server VPN gestito dalla stessa scheda UDOO che gestisce tutto il sistema di citofono e videocitofono.<\/p>\n<p>\u00c8 possibile inoltre abilitare una funzione che permette di scattare una foto nel caso nessuno risponda al citofono. Alla UDOO \u00e8 inoltre collegata la luce esterna tramite un rel\u00e8 statico, la luce ha un timer di autospegnimento e si pu\u00f2 accendere dal pannello touch del video.<\/p>\n<p>La telecamera esterna \u00e8 una generica telecamera IP, con resistenza alla pioggia.<\/p>\n<p>La scheda esterna si occupa di rendere microfono e altoparlante accessibili dalla UDOO tramite LAN.<\/p>\n<p>Il sistema sta funzionando da diversi mesi in maniera stabile senza problemi per quanto riguarda la parte vocale e la VPN, la parte video qualche volta si blocca ma la sto migliorando\u2026<\/p>\n<p>\u00c8 possibile attivare un sistema di deviazione chiamate sul cellulare quando non c\u2019\u00e8 nessuno in casa.<\/p>\n<p>Quando viene suonato il campanello il sistema invia automaticamente una notifica tramite Telegram con allegato un frame dalla videocamera.<\/p>\n<figure id=\"attachment_536\" aria-describedby=\"caption-attachment-536\" style=\"width: 235px\" class=\"wp-caption alignleft\"><a href=\"http:\/\/lizzit.it\/wp-content\/uploads\/2015\/07\/screen_edit_SD.jpg\"><img loading=\"lazy\" decoding=\"async\" class=\"wp-image-536\" src=\"http:\/\/lizzit.it\/wp-content\/uploads\/2015\/07\/screen_edit_SD-188x300.jpg\" alt=\"Unit\u00e0 interna - screenshot del tablet\" width=\"235\" height=\"376\" srcset=\"https:\/\/lizzit.it\/wp-content\/uploads\/2015\/07\/screen_edit_SD-188x300.jpg 188w, https:\/\/lizzit.it\/wp-content\/uploads\/2015\/07\/screen_edit_SD-640x1024.jpg 640w, https:\/\/lizzit.it\/wp-content\/uploads\/2015\/07\/screen_edit_SD.jpg 800w\" sizes=\"auto, (max-width: 235px) 100vw, 235px\" \/><\/a><figcaption id=\"caption-attachment-536\" class=\"wp-caption-text\">Unit\u00e0 interna &#8211; screenshot del tablet<\/figcaption><\/figure>\n<p>Per costruire il videocitofono ho preso il mio tablet android che si era rovinato (Nexus 7 2012) e di cui funziona solo met\u00e0 touchscreen e ho comprato una telecamera economica.<\/p>\n<p>La telecamera \u00e8 IP65 (telecamera protetta contro polvere e getti di acqua), si alimenta a 12V, e supporta Ethernet 10\/100.<\/p>\n<p>La parte centrale di tutto il sistema \u00e8 una UDOO Quad che si occupa \u00a0di tenere un server asterisk a cui sono collegati tutti i telefoni di casa, di transcodificare il video in modo da poterlo visualizzare sul tablet e su qualunque browser, di tenere una VPN cifrata in modo da rendere il videocitofono visualizzabile anche fuori casa in maniera totalmente sicura.<\/p>\n<figure id=\"attachment_540\" aria-describedby=\"caption-attachment-540\" style=\"width: 300px\" class=\"wp-caption alignright\"><a href=\"http:\/\/lizzit.it\/wp-content\/uploads\/2015\/07\/IMG_20150707_223040.jpg\"><img loading=\"lazy\" decoding=\"async\" class=\"size-medium wp-image-540\" src=\"http:\/\/lizzit.it\/wp-content\/uploads\/2015\/07\/IMG_20150707_223040-300x225.jpg\" alt=\"La scheda UDOO che gestisce tutto\" width=\"300\" height=\"225\" srcset=\"https:\/\/lizzit.it\/wp-content\/uploads\/2015\/07\/IMG_20150707_223040-300x225.jpg 300w, https:\/\/lizzit.it\/wp-content\/uploads\/2015\/07\/IMG_20150707_223040-1024x768.jpg 1024w\" sizes=\"auto, (max-width: 300px) 100vw, 300px\" \/><\/a><figcaption id=\"caption-attachment-540\" class=\"wp-caption-text\">La scheda UDOO che gestisce tutto<\/figcaption><\/figure>\n<p>\u00c8 notevole il fatto che, nonostante l\u2019enorme lavoro eseguito dalla UDOO, la scheda risulti comunque stabile; essa inoltre scalda poco e avanzano risorse per altri compiti.<\/p>\n<p>Ho collegato il tablet android, la telecamera e la UDOO alla LAN (il tablet \u00e8 collegato via WiFi, la telecamera e la UDOO invece via cavo).<\/p>\n<p>Sulla UDOO risiede del software scritto da me.<\/p>\n<p>Tutto il sistema \u00e8 protetto da black out con due batterie tampone 12V 24Ah.<\/p>\n<p>Per avere altri dettagli su come ho costruito il videocitofono leggi l\u2019articolo sul mio blog: <a href=\"http:\/\/lizzit.it\/?p=534\" target=\"_blank\">Con la UDOO il mio campanello diventa smart!<\/a><\/p>\n<p><figure id=\"attachment_538\" aria-describedby=\"caption-attachment-538\" style=\"width: 1024px\" class=\"wp-caption aligncenter\"><a href=\"http:\/\/lizzit.it\/wp-content\/uploads\/2015\/07\/IMG_20150706_192807_edit_SD.jpg\"><img loading=\"lazy\" decoding=\"async\" class=\"wp-image-538 size-large\" src=\"http:\/\/lizzit.it\/wp-content\/uploads\/2015\/07\/IMG_20150706_192807_edit_SD-1024x768.jpg\" alt=\"Unit\u00e0 esterna\" width=\"1024\" height=\"768\" srcset=\"https:\/\/lizzit.it\/wp-content\/uploads\/2015\/07\/IMG_20150706_192807_edit_SD-1024x768.jpg 1024w, https:\/\/lizzit.it\/wp-content\/uploads\/2015\/07\/IMG_20150706_192807_edit_SD-300x225.jpg 300w\" sizes=\"auto, (max-width: 1024px) 100vw, 1024px\" \/><\/a><figcaption id=\"caption-attachment-538\" class=\"wp-caption-text\">Unit\u00e0 esterna<\/figcaption><\/figure><\/p>","protected":false},"excerpt":{"rendered":"<p>Il citofono di casa mia da tempo funzionava male, l\u2019audio era inascoltabile, il tasto dell\u2019apricancello si incastrava periodicamente, insomma era vecchio e obsoleto. Per questo ho deciso di sostituirlo con un videocitofono da me costruito. Quando viene premuto il campanello, i telefoni di casa squillano per 15 secondi con una suoneria differente rispetto a quella [&hellip;]<\/p>\n","protected":false},"author":1,"featured_media":0,"parent":0,"menu_order":0,"comment_status":"open","ping_status":"closed","template":"","meta":{"footnotes":""},"class_list":["post-528","page","type-page","status-publish","czr-hentry"],"_links":{"self":[{"href":"https:\/\/lizzit.it\/it\/wp-json\/wp\/v2\/pages\/528","targetHints":{"allow":["GET"]}}],"collection":[{"href":"https:\/\/lizzit.it\/it\/wp-json\/wp\/v2\/pages"}],"about":[{"href":"https:\/\/lizzit.it\/it\/wp-json\/wp\/v2\/types\/page"}],"author":[{"embeddable":true,"href":"https:\/\/lizzit.it\/it\/wp-json\/wp\/v2\/users\/1"}],"replies":[{"embeddable":true,"href":"https:\/\/lizzit.it\/it\/wp-json\/wp\/v2\/comments?post=528"}],"version-history":[{"count":22,"href":"https:\/\/lizzit.it\/it\/wp-json\/wp\/v2\/pages\/528\/revisions"}],"predecessor-version":[{"id":605,"href":"https:\/\/lizzit.it\/it\/wp-json\/wp\/v2\/pages\/528\/revisions\/605"}],"wp:attachment":[{"href":"https:\/\/lizzit.it\/it\/wp-json\/wp\/v2\/media?parent=528"}],"curies":[{"name":"wp","href":"https:\/\/api.w.org\/{rel}","templated":true}]}}