{"id":507,"date":"2015-03-20T12:25:26","date_gmt":"2015-03-20T11:25:26","guid":{"rendered":"http:\/\/lizzit.it\/?page_id=507"},"modified":"2015-04-17T22:31:09","modified_gmt":"2015-04-17T20:31:09","slug":"normativa-privacy","status":"publish","type":"page","link":"https:\/\/lizzit.it\/it\/normativa-privacy\/","title":{"rendered":"Normativa sulla privacy"},"content":{"rendered":"<p>NORMATIVA SULLA PRIVACY (aggiornamento del 20\/3\/2015)<\/p>\n<p><strong><strong>\u00a0<\/strong><\/strong><\/p>\n<p>Informativa ai sensi dell&#8217;art. 13 del Codice della Privacy<\/p>\n<p><strong><strong>\u00a0<\/strong><\/strong><\/p>\n<p>Ai sensi dell&#8217;articolo 13 del codice della D.Lgs. 196\/2003, vi rendiamo le seguenti informazioni.<strong><strong>\u00a0<\/strong><\/strong><\/p>\n<p>&nbsp;<\/p>\n<p>Finalit\u00e0 del trattamento<\/p>\n<p><strong><strong>\u00a0<\/strong><\/strong><\/p>\n<p>I dati possono essere raccolti per una o pi\u00f9 delle seguenti finalit\u00e0:<\/p>\n<p>1)fornire l&#8217;accesso ad aree riservate del Portale e di Portali\/siti collegati con il presente e permettere l&#8217;invio di comunicazioni anche di carattere commerciale, notizie, aggiornamenti sulle iniziative di lizzit.it e delle societ\u00e0 ad essa collegate e\/o Sponsor e\/o terzi.<\/p>\n<p>2)eventuale cessione a terzi dei suddetti dati, sempre finalizzata alla realizzazione di campagne di email marketing ed all&#8217;invio di comunicazioni di carattere commerciale.<\/p>\n<p>3)eseguire gli obblighi previsti da leggi o regolamenti;<\/p>\n<p>4)gestione contatti;<\/p>\n<p><strong><strong>\u00a0<\/strong><\/strong><\/p>\n<p>Modalit\u00e0 del trattamento<\/p>\n<p><strong><strong>\u00a0<\/strong><\/strong><\/p>\n<p>Tutti i dati forniti volontariamente dall&#8217;utente, i dati di navigazione (Indirizzo IP, informazioni sul client usato), tempo di visualizzazione forniti a lizzit.it potranno essere memorizzati in maniera non anonima a tempo indeterminato all\u2019interno del database di lizzit.it e comunicati a terzi, anche per finalit\u00e0 commerciali.<\/p>\n<p>Google Analytics \u00e8 utilizzato per l&#8217;analisi del traffico di lizzit.it, Google Analytics usa i cookie per raccogliere informazioni sui visitatori e sul loro comportamento, se non vuoi condividere queste informazioni con lizzit.it puoi disabilitare i cookie nel tuo browser, questo potrebbe influire negativamente sulla corretta visualizzazione dei contenuti e su alcune funzioni di lizzit.it. I dati raccolti mediante Google Analytics sono utilizzati per migliorare l\u2019esperienza utente.<\/p>\n<p>Uso dei cookies<\/p>\n<p>Un cookie \u00e8 un piccolo file di testo che alcuni siti web inviano all\u2019hard drive dell\u2019utente in occasione della visita al sito. Un cookie pu\u00f2 contenere informazioni quali un ID dell\u2019utente che il sito usa per controllare le pagine visitate, ma le uniche informazioni di carattere personale che un cookie pu\u00f2 contenere sono quelle fornite dall\u2019utente stesso. Un cookie non pu\u00f2 leggere i dati presenti sull\u2019hard disk dell\u2019utente o leggere i cookies creati da altri siti. Il sito lizzit.it utilizza i cookies per migliorare l\u2019esperienza utente e raccogliere informazioni.<\/p>\n<p>Se l\u2019utente non desidera ricevere cookies durante la navigazione sul sito, pu\u00f2 programmare il proprio browser in modo da essere avvertito prima di accettare cookies e rifiutare i cookies quando il browser avvisa della presenza dei cookies. L\u2019utente pu\u00f2 anche rifiutare tutti i cookies disattivandoli nel prorio browser, anche se in tal modo l\u2019utente non sarebbe poi in grado di sfruttare in pieno dei vantaggi del sito.<\/p>\n<p>Tutti i dati richiesti sono obbligatori.<\/p>\n<p><strong><strong>\u00a0<\/strong><\/strong><\/p>\n<p>Diritti dell&#8217;interessato<\/p>\n<p><strong><strong>\u00a0<\/strong><\/strong><\/p>\n<p>Ai sensi ai sensi dell&#8217;art. 7 (Diritto di accesso ai dati personali ed altri diritti) del Codice della Privacy, vi segnaliamo che i vostri diritti in ordine al trattamento dei dati sono:<\/p>\n<p>&#8211; conoscere, mediante accesso gratuito l&#8217;esistenza di trattamenti di dati che possano riguardarvi;<\/p>\n<p>&#8211; essere informati sulla natura e sulle finalit\u00e0 del trattamento<\/p>\n<p>&#8211; ottenere a cura del titolare, senza ritardo:<\/p>\n<p>&#8211; la conferma dell&#8217;esistenza o meno di dati personali che vi riguardano, anche se non ancora registrati, e la comunicazione in forma intellegibile dei medesimi dati e della loro origine, nonch\u00e9 della logica e delle finalit\u00e0 su cui si basa il trattamento; la richiesta pu\u00f2 essere rinnovata, salva l&#8217;esistenza di giustificati motivi, con intervallo non minore di novanta giorni;<\/p>\n<p>&#8211; la cancellazione, la trasformazione in forma anonima o il blocco dei dati trattati in violazione di legge, compresi quelli di cui non \u00e8 necessaria la conservazione in relazione agli scopi per i quali i dati sono stati raccolti o successivamente trattati;<\/p>\n<p>&#8211; opporvi in tutto o in parte per motivi legittimi al trattamento dei dati personali che vi riguardano ancorch\u00e9 pertinenti allo scopo della raccolta;<\/p>\n<p>&#8211; Vi segnaliamo che il titolare del trattamento ad ogni effetto di legge \u00e8 l\u2019intestatario del dominio lizzit.it<\/p>\n<p>&#8211; Per esercitare i diritti previsti all&#8217;art. 7 del Codice della Privacy ovvero per la cancellazione dei vostri dati dall&#8217;archivio, \u00e8 sufficiente contattarci attraverso uno dei canali messi a disposizione.<\/p>\n<p><strong><strong>\u00a0<\/strong><\/strong><\/p>\n<p>Tutti i dati conservati all\u2019interno del nostro database sono protetti attraverso l&#8217;uso di firewall e protezione attraverso password.<\/p>\n<p><strong><strong>\u00a0<\/strong><\/strong><\/p>\n<p>lizzit.it si riserva il diritto di modificare il presente documento, l\u2019ultima data di aggiornamento \u00e8 indicata all\u2019inizio della pagina.<\/p>\n<p><strong><br \/>\n<\/strong>Cordiali saluti.<\/p>","protected":false},"excerpt":{"rendered":"<p>NORMATIVA SULLA PRIVACY (aggiornamento del 20\/3\/2015) \u00a0 Informativa ai sensi dell&#8217;art. 13 del Codice della Privacy \u00a0 Ai sensi dell&#8217;articolo 13 del codice della D.Lgs. 196\/2003, vi rendiamo le seguenti informazioni.\u00a0 &nbsp; Finalit\u00e0 del trattamento \u00a0 I dati possono essere raccolti per una o pi\u00f9 delle seguenti finalit\u00e0: 1)fornire l&#8217;accesso ad aree riservate del Portale [&hellip;]<\/p>\n","protected":false},"author":1,"featured_media":0,"parent":0,"menu_order":0,"comment_status":"open","ping_status":"closed","template":"","meta":{"footnotes":""},"class_list":["post-507","page","type-page","status-publish","czr-hentry"],"_links":{"self":[{"href":"https:\/\/lizzit.it\/it\/wp-json\/wp\/v2\/pages\/507","targetHints":{"allow":["GET"]}}],"collection":[{"href":"https:\/\/lizzit.it\/it\/wp-json\/wp\/v2\/pages"}],"about":[{"href":"https:\/\/lizzit.it\/it\/wp-json\/wp\/v2\/types\/page"}],"author":[{"embeddable":true,"href":"https:\/\/lizzit.it\/it\/wp-json\/wp\/v2\/users\/1"}],"replies":[{"embeddable":true,"href":"https:\/\/lizzit.it\/it\/wp-json\/wp\/v2\/comments?post=507"}],"version-history":[{"count":4,"href":"https:\/\/lizzit.it\/it\/wp-json\/wp\/v2\/pages\/507\/revisions"}],"predecessor-version":[{"id":516,"href":"https:\/\/lizzit.it\/it\/wp-json\/wp\/v2\/pages\/507\/revisions\/516"}],"wp:attachment":[{"href":"https:\/\/lizzit.it\/it\/wp-json\/wp\/v2\/media?parent=507"}],"curies":[{"name":"wp","href":"https:\/\/api.w.org\/{rel}","templated":true}]}}