{"id":502,"date":"2015-03-01T20:05:28","date_gmt":"2015-03-01T19:05:28","guid":{"rendered":"http:\/\/lizzit.it\/?page_id=502"},"modified":"2016-09-28T21:37:51","modified_gmt":"2016-09-28T19:37:51","slug":"philab-2-0","status":"publish","type":"page","link":"https:\/\/lizzit.it\/it\/philab-2-0\/","title":{"rendered":"PhyLab 2.0"},"content":{"rendered":"<p><\/p>\n<pre>\u00a0Developed by: Michele Lizzit, Daniele Toppano, Marco Ferrari\r\n3E liceo scientifico N.Copernico Udine<\/pre>\n<p><a href=\"http:\/\/lizzit.it\/wp-content\/uploads\/2015\/03\/logophylab1COLOR_SD.png\"><img loading=\"lazy\" decoding=\"async\" class=\"aligncenter size-large wp-image-737\" src=\"http:\/\/lizzit.it\/wp-content\/uploads\/2015\/03\/logophylab1COLOR_SD-1024x464.png\" alt=\"PhyLab 2.0 logo\" width=\"1024\" height=\"464\" srcset=\"https:\/\/lizzit.it\/wp-content\/uploads\/2015\/03\/logophylab1COLOR_SD-1024x464.png 1024w, https:\/\/lizzit.it\/wp-content\/uploads\/2015\/03\/logophylab1COLOR_SD-300x136.png 300w, https:\/\/lizzit.it\/wp-content\/uploads\/2015\/03\/logophylab1COLOR_SD-768x348.png 768w, https:\/\/lizzit.it\/wp-content\/uploads\/2015\/03\/logophylab1COLOR_SD.png 1920w\" sizes=\"auto, (max-width: 1024px) 100vw, 1024px\" \/><\/a><\/p>\n<p><span style=\"font-weight: 400;\">Il PhyLab 2.0 \u00e8 un sistema per l\u2019acquisizione e l\u2019elaborazione di dati pensato per essere usato in un laboratorio scolastico di fisica. \u00c8 in grado di acquisire misure in maniera automatica e trasmettere i dati direttamente agli smartphone o altri dispositivi connessi, in questo modo ogni studente pu\u00f2 avere immediatamente a disposizione i dati da elaborare. Il progetto \u00e8 modulare, ed \u00e8 composto da una serie di unit\u00e0 di acquisizione-trasmissione collegate a uno o pi\u00f9 sensori; esse inviano i dati in modo wireless all\u2019unit\u00e0 centrale che provvede a elaborarli, archiviarli e pu\u00f2 produrre dei grafici in tempo reale che vengono poi inviati a tutti i dispositivi connessi. I dati acquisiti e i grafici sono visualizzabili in tempo reale su uno smartphone o un qualunque dispositivo dotato di browser web. I tipi di dati che \u00e8 possibile raccogliere sono moltissimi, ad esempio di temperatura, umidit\u00e0, velocit\u00e0, forza, e molti altri\u2026<\/span><\/p>\n<p><span style=\"font-weight: 400;\">Le unit\u00e0 di acquisizione-trasmissione sono basate su Arduino, l&#8217;unit\u00e0 centrale \u00e8 invece basata su RaspberryPI.<\/span><\/p>\n<p><span style=\"font-weight: 400;\">Il sistema \u00e8 in grado di acquisire dati a frequenza molto elevata e pu\u00f2 essere quindi usato anche dove non sia possibile acquisire dati in modo manuale.<\/span><\/p>\n<p><span style=\"font-weight: 400;\">Il PhyLab 2.0 \u00e8 open source, economico e facile da usare, rende l&#8217;esperienza di laboratorio accattivante ed efficace, facilitando l&#8217;apprendimento della fisica laboratoriale che non \u00e8 pi\u00f9 appesantita dalla manualit\u00e0 della raccolta dei dati e invece si avvicina di pi\u00f9 al modo di acquisizione professionale.<\/span><\/p>\n<p>Il sorgente di PhyLab 2.0 \u00e8 <a href=\"https:\/\/github.com\/michelelizzit\/phylab2.0\">disponibile su GitHub<\/a>.<\/p>\n<p>Una <a href=\"https:\/\/lizzit.it\/phylab\/demo\">demo online con dati casuali<\/a> \u00e8 disponibile.<\/p>\n<p>PhyLab 2.0 su Facebook:<\/p>\n<div id=\"fb-root\"><\/div>\n<p><script>(function(d, s, id) {\n  var js, fjs = d.getElementsByTagName(s)[0];\n  if (d.getElementById(id)) return;\n  js = d.createElement(s); js.id = id;\n  js.src = \"\/\/connect.facebook.net\/en_US\/sdk.js#xfbml=1&version=v2.7\";\n  fjs.parentNode.insertBefore(js, fjs);\n}(document, 'script', 'facebook-jssdk'));<\/script><\/p>\n<div class=\"fb-like\" data-href=\"https:\/\/www.facebook.com\/phylab2.0\/\" data-layout=\"button\" data-action=\"like\" data-show-faces=\"true\" data-share=\"true\"><\/div>\n<div class=\"fb-follow\" data-href=\"https:\/\/www.facebook.com\/phylab2.0\/\" data-layout=\"button\" data-size=\"small\" data-show-faces=\"true\"><\/div>\n<p>PhyLab 2.0 su Twitter:<br \/>\n<a class=\"twitter-mention-button\" href=\"https:\/\/twitter.com\/intent\/tweet?screen_name=PhyLab2\" data-show-count=\"false\">Tweet to @PhyLab2<\/a>\u00a0<a class=\"twitter-follow-button\" href=\"https:\/\/twitter.com\/PhyLab2\" data-show-count=\"false\">Segui @PhyLab2<\/a><script async src=\"\/\/platform.twitter.com\/widgets.js\" charset=\"utf-8\"><\/script><br \/>\nPhyLab 2.0 su Google+:<\/p>\n<div class=\"g-follow\" data-annotation=\"bubble\" data-height=\"20\" data-href=\"\/\/plus.google.com\/u\/0\/105563668890895580702\" data-rel=\"publisher\"><\/div>\n<div class=\"g-plus\" data-action=\"share\" data-annotation=\"bubble\"><\/div>\n<div class=\"g-plusone\" data-size=\"medium\"><\/div>\n<p>PhyLab 2.0 su GitHub: <a class=\"github-button\" href=\"https:\/\/github.com\/michelelizzit\/phylab2.0\" data-style=\"mega\" data-count-href=\"\/michelelizzit\/phylab2.0\/watchers\" data-count-api=\"\/repos\/michelelizzit\/phylab2.0#subscribers_count\" data-count-aria-label=\"# watchers on GitHub\">Watch<\/a><br \/>\n<script async defer src=\"https:\/\/buttons.github.io\/buttons.js\"><\/script><\/p>\n<p><script src=\"https:\/\/apis.google.com\/js\/platform.js\" async defer><\/script><\/p>\n<p>Galleria immagini:<br \/>\n<div id='gallery-1' class='czr-gallery row flex-row czr-gallery-style gallery galleryid-502 gallery-columns-4 gallery-size-thumbnail'><figure class='gallery-item col col-auto'>\r\n                        <div class='gallery-icon landscape czr-gallery-icon'>\r\n                              <a href=https:\/\/lizzit.it\/it\/philab-2-0\/phylab_foto_accelerazione\/ class=\"bg-link\"><\/a><img loading=\"lazy\" decoding=\"async\" width=\"150\" height=\"150\" src=\"https:\/\/lizzit.it\/wp-content\/uploads\/2015\/03\/phylab_foto_accelerazione-150x150.png\" class=\"attachment-thumbnail size-thumbnail\" alt=\"\" sizes=\"auto, (min-width: 1200px) 183.75px, (min-width: 992px) 150px, (min-width: 576px) 105px, calc( 50vw - 30px )\" aria-describedby=\"gallery-1-753\" \/><div class=\"post-action btn btn-skin-dark-shaded inverted\"><a href=\"https:\/\/lizzit.it\/wp-content\/uploads\/2015\/03\/phylab_foto_accelerazione.png\" class=\"icn-expand\" data-lb-type=\"grouped-gallery\" title=\"Acceleration experiment (1\/2)\"><\/a><\/div>\r\n                        <\/div>\r\n                              <figcaption class='wp-caption-text gallery-caption' id='gallery-1-753'>\r\n                              Acceleration experiment (1\/2)\r\n                              <\/figcaption><\/figure><figure class='gallery-item col col-auto'>\r\n                        <div class='gallery-icon landscape czr-gallery-icon'>\r\n                              <a href=https:\/\/lizzit.it\/it\/philab-2-0\/carrello_accelerometro_sd\/ class=\"bg-link\"><\/a><img loading=\"lazy\" decoding=\"async\" width=\"150\" height=\"150\" src=\"https:\/\/lizzit.it\/wp-content\/uploads\/2015\/03\/carrello_accelerometro_SD-150x150.png\" class=\"attachment-thumbnail size-thumbnail\" alt=\"PhyLab 2.0 Misura accelerazione\" sizes=\"auto, (min-width: 1200px) 183.75px, (min-width: 992px) 150px, (min-width: 576px) 105px, calc( 50vw - 30px )\" aria-describedby=\"gallery-1-512\" \/><div class=\"post-action btn btn-skin-dark-shaded inverted\"><a href=\"https:\/\/lizzit.it\/wp-content\/uploads\/2015\/03\/carrello_accelerometro_SD.png\" class=\"icn-expand\" data-lb-type=\"grouped-gallery\" title=\"PhyLab 2.0 Acceleration experiment (2\/2)\"><\/a><\/div>\r\n                        <\/div>\r\n                              <figcaption class='wp-caption-text gallery-caption' id='gallery-1-512'>\r\n                              PhyLab 2.0 Acceleration experiment (2\/2)\r\n                              <\/figcaption><\/figure><figure class='gallery-item col col-auto'>\r\n                        <div class='gallery-icon landscape czr-gallery-icon'>\r\n                              <a href=https:\/\/lizzit.it\/it\/philab-2-0\/phylab_foto_distanza\/ class=\"bg-link\"><\/a><img loading=\"lazy\" decoding=\"async\" width=\"150\" height=\"150\" src=\"https:\/\/lizzit.it\/wp-content\/uploads\/2015\/03\/phylab_foto_distanza-150x150.png\" class=\"attachment-thumbnail size-thumbnail\" alt=\"\" sizes=\"auto, (min-width: 1200px) 183.75px, (min-width: 992px) 150px, (min-width: 576px) 105px, calc( 50vw - 30px )\" aria-describedby=\"gallery-1-754\" \/><div class=\"post-action btn btn-skin-dark-shaded inverted\"><a href=\"https:\/\/lizzit.it\/wp-content\/uploads\/2015\/03\/phylab_foto_distanza.png\" class=\"icn-expand\" data-lb-type=\"grouped-gallery\" title=\"Oscillation period estimation experiment (1\/2)\"><\/a><\/div>\r\n                        <\/div>\r\n                              <figcaption class='wp-caption-text gallery-caption' id='gallery-1-754'>\r\n                              Oscillation period estimation experiment (1\/2)\r\n                              <\/figcaption><\/figure><figure class='gallery-item col col-auto'>\r\n                        <div class='gallery-icon portrait czr-gallery-icon'>\r\n                              <a href=https:\/\/lizzit.it\/it\/philab-2-0\/molla_ultrasuoni_sd\/ class=\"bg-link\"><\/a><img loading=\"lazy\" decoding=\"async\" width=\"150\" height=\"150\" src=\"https:\/\/lizzit.it\/wp-content\/uploads\/2015\/03\/molla_ultrasuoni_SD-150x150.png\" class=\"attachment-thumbnail size-thumbnail\" alt=\"PhyLab 2.0 Misura periodo di oscillazione di un pendolo\" sizes=\"auto, (min-width: 1200px) 183.75px, (min-width: 992px) 150px, (min-width: 576px) 105px, calc( 50vw - 30px )\" aria-describedby=\"gallery-1-513\" \/><div class=\"post-action btn btn-skin-dark-shaded inverted\"><a href=\"https:\/\/lizzit.it\/wp-content\/uploads\/2015\/03\/molla_ultrasuoni_SD.png\" class=\"icn-expand\" data-lb-type=\"grouped-gallery\" title=\"PhyLab 2.0 Misura periodo di oscillazione di un pendolo\"><\/a><\/div>\r\n                        <\/div>\r\n                              <figcaption class='wp-caption-text gallery-caption' id='gallery-1-513'>\r\n                              PhyLab 2.0 Misura periodo di oscillazione di un pendolo\r\n                              <\/figcaption><\/figure><figure class='gallery-item col col-auto'>\r\n                        <div class='gallery-icon landscape czr-gallery-icon'>\r\n                              <a href=https:\/\/lizzit.it\/it\/philab-2-0\/phylab_foto_temperatura_1\/ class=\"bg-link\"><\/a><img loading=\"lazy\" decoding=\"async\" width=\"150\" height=\"150\" src=\"https:\/\/lizzit.it\/wp-content\/uploads\/2015\/03\/phylab_foto_temperatura_1-150x150.png\" class=\"attachment-thumbnail size-thumbnail\" alt=\"\" sizes=\"auto, (min-width: 1200px) 183.75px, (min-width: 992px) 150px, (min-width: 576px) 105px, calc( 50vw - 30px )\" aria-describedby=\"gallery-1-755\" \/><div class=\"post-action btn btn-skin-dark-shaded inverted\"><a href=\"https:\/\/lizzit.it\/wp-content\/uploads\/2015\/03\/phylab_foto_temperatura_1.png\" class=\"icn-expand\" data-lb-type=\"grouped-gallery\" title=\"Temperature experiment (1\/2)\"><\/a><\/div>\r\n                        <\/div>\r\n                              <figcaption class='wp-caption-text gallery-caption' id='gallery-1-755'>\r\n                              Temperature experiment (1\/2)\r\n                              <\/figcaption><\/figure><figure class='gallery-item col col-auto'>\r\n                        <div class='gallery-icon landscape czr-gallery-icon'>\r\n                              <a href=https:\/\/lizzit.it\/it\/philab-2-0\/phylab_foto_temperatura_2\/ class=\"bg-link\"><\/a><img loading=\"lazy\" decoding=\"async\" width=\"150\" height=\"150\" src=\"https:\/\/lizzit.it\/wp-content\/uploads\/2015\/03\/phylab_foto_temperatura_2-150x150.png\" class=\"attachment-thumbnail size-thumbnail\" alt=\"\" sizes=\"auto, (min-width: 1200px) 183.75px, (min-width: 992px) 150px, (min-width: 576px) 105px, calc( 50vw - 30px )\" aria-describedby=\"gallery-1-756\" \/><div class=\"post-action btn btn-skin-dark-shaded inverted\"><a href=\"https:\/\/lizzit.it\/wp-content\/uploads\/2015\/03\/phylab_foto_temperatura_2.png\" class=\"icn-expand\" data-lb-type=\"grouped-gallery\" title=\"Temperature experiment (2\/2)\"><\/a><\/div>\r\n                        <\/div>\r\n                              <figcaption class='wp-caption-text gallery-caption' id='gallery-1-756'>\r\n                              Temperature experiment (2\/2)\r\n                              <\/figcaption><\/figure><figure class='gallery-item col col-auto'>\r\n                        <div class='gallery-icon landscape czr-gallery-icon'>\r\n                              <a href=https:\/\/lizzit.it\/it\/philab-2-0\/logophylab1color_sd\/ class=\"bg-link\"><\/a><img loading=\"lazy\" decoding=\"async\" width=\"150\" height=\"150\" src=\"https:\/\/lizzit.it\/wp-content\/uploads\/2015\/03\/logophylab1COLOR_SD-150x150.png\" class=\"attachment-thumbnail size-thumbnail\" alt=\"\" sizes=\"auto, (min-width: 1200px) 183.75px, (min-width: 992px) 150px, (min-width: 576px) 105px, calc( 50vw - 30px )\" aria-describedby=\"gallery-1-737\" \/><div class=\"post-action btn btn-skin-dark-shaded inverted\"><a href=\"https:\/\/lizzit.it\/wp-content\/uploads\/2015\/03\/logophylab1COLOR_SD.png\" class=\"icn-expand\" data-lb-type=\"grouped-gallery\" title=\"PhyLab 2.0 Logo\"><\/a><\/div>\r\n                        <\/div>\r\n                              <figcaption class='wp-caption-text gallery-caption' id='gallery-1-737'>\r\n                              PhyLab 2.0 Logo\r\n                              <\/figcaption><\/figure><figure class='gallery-item col col-auto'>\r\n                        <div class='gallery-icon landscape czr-gallery-icon'>\r\n                              <a href=https:\/\/lizzit.it\/it\/philab-2-0\/foto_pcb_190916_4\/ class=\"bg-link\"><\/a><img loading=\"lazy\" decoding=\"async\" width=\"150\" height=\"150\" src=\"https:\/\/lizzit.it\/wp-content\/uploads\/2015\/03\/foto_pcb_190916_4-150x150.jpg\" class=\"attachment-thumbnail size-thumbnail\" alt=\"\" sizes=\"auto, (min-width: 1200px) 183.75px, (min-width: 992px) 150px, (min-width: 576px) 105px, calc( 50vw - 30px )\" aria-describedby=\"gallery-1-749\" \/><div class=\"post-action btn btn-skin-dark-shaded inverted\"><a href=\"https:\/\/lizzit.it\/wp-content\/uploads\/2015\/03\/foto_pcb_190916_4.jpg\" class=\"icn-expand\" data-lb-type=\"grouped-gallery\" title=\"PhyLab 2.0 PCB (1\/4)\"><\/a><\/div>\r\n                        <\/div>\r\n                              <figcaption class='wp-caption-text gallery-caption' id='gallery-1-749'>\r\n                              PhyLab 2.0 PCB (1\/4)\r\n                              <\/figcaption><\/figure><figure class='gallery-item col col-auto'>\r\n                        <div class='gallery-icon landscape czr-gallery-icon'>\r\n                              <a href=https:\/\/lizzit.it\/it\/philab-2-0\/foto_pcb_190916_3\/ class=\"bg-link\"><\/a><img loading=\"lazy\" decoding=\"async\" width=\"150\" height=\"150\" src=\"https:\/\/lizzit.it\/wp-content\/uploads\/2015\/03\/foto_pcb_190916_3-150x150.jpg\" class=\"attachment-thumbnail size-thumbnail\" alt=\"\" sizes=\"auto, (min-width: 1200px) 183.75px, (min-width: 992px) 150px, (min-width: 576px) 105px, calc( 50vw - 30px )\" aria-describedby=\"gallery-1-748\" \/><div class=\"post-action btn btn-skin-dark-shaded inverted\"><a href=\"https:\/\/lizzit.it\/wp-content\/uploads\/2015\/03\/foto_pcb_190916_3.jpg\" class=\"icn-expand\" data-lb-type=\"grouped-gallery\" title=\"PhyLab 2.0 PCB (2\/4)\"><\/a><\/div>\r\n                        <\/div>\r\n                              <figcaption class='wp-caption-text gallery-caption' id='gallery-1-748'>\r\n                              PhyLab 2.0 PCB (2\/4)\r\n                              <\/figcaption><\/figure><figure class='gallery-item col col-auto'>\r\n                        <div class='gallery-icon landscape czr-gallery-icon'>\r\n                              <a href=https:\/\/lizzit.it\/it\/philab-2-0\/foto_pcb_190916_2\/ class=\"bg-link\"><\/a><img loading=\"lazy\" decoding=\"async\" width=\"150\" height=\"150\" src=\"https:\/\/lizzit.it\/wp-content\/uploads\/2015\/03\/foto_pcb_190916_2-150x150.jpg\" class=\"attachment-thumbnail size-thumbnail\" alt=\"\" sizes=\"auto, (min-width: 1200px) 183.75px, (min-width: 992px) 150px, (min-width: 576px) 105px, calc( 50vw - 30px )\" aria-describedby=\"gallery-1-747\" \/><div class=\"post-action btn btn-skin-dark-shaded inverted\"><a href=\"https:\/\/lizzit.it\/wp-content\/uploads\/2015\/03\/foto_pcb_190916_2.jpg\" class=\"icn-expand\" data-lb-type=\"grouped-gallery\" title=\"PhyLab 2.0 PCB (3\/4)\"><\/a><\/div>\r\n                        <\/div>\r\n                              <figcaption class='wp-caption-text gallery-caption' id='gallery-1-747'>\r\n                              PhyLab 2.0 PCB (3\/4)\r\n                              <\/figcaption><\/figure><figure class='gallery-item col col-auto'>\r\n                        <div class='gallery-icon landscape czr-gallery-icon'>\r\n                              <a href=https:\/\/lizzit.it\/it\/philab-2-0\/foto_pcb_190916_1\/ class=\"bg-link\"><\/a><img loading=\"lazy\" decoding=\"async\" width=\"150\" height=\"150\" src=\"https:\/\/lizzit.it\/wp-content\/uploads\/2015\/03\/foto_pcb_190916_1-150x150.jpg\" class=\"attachment-thumbnail size-thumbnail\" alt=\"\" sizes=\"auto, (min-width: 1200px) 183.75px, (min-width: 992px) 150px, (min-width: 576px) 105px, calc( 50vw - 30px )\" aria-describedby=\"gallery-1-746\" \/><div class=\"post-action btn btn-skin-dark-shaded inverted\"><a href=\"https:\/\/lizzit.it\/wp-content\/uploads\/2015\/03\/foto_pcb_190916_1.jpg\" class=\"icn-expand\" data-lb-type=\"grouped-gallery\" title=\"PhyLab 2.0 PCB (4\/4)\"><\/a><\/div>\r\n                        <\/div>\r\n                              <figcaption class='wp-caption-text gallery-caption' id='gallery-1-746'>\r\n                              PhyLab 2.0 PCB (4\/4)\r\n                              <\/figcaption><\/figure><figure class='gallery-item col col-auto'>\r\n                        <div class='gallery-icon landscape czr-gallery-icon'>\r\n                              <a href=https:\/\/lizzit.it\/it\/philab-2-0\/foto_grafico_demo_200916_5\/ class=\"bg-link\"><\/a><img loading=\"lazy\" decoding=\"async\" width=\"150\" height=\"150\" src=\"https:\/\/lizzit.it\/wp-content\/uploads\/2015\/03\/foto_grafico_demo_200916_5-150x150.png\" class=\"attachment-thumbnail size-thumbnail\" alt=\"\" sizes=\"auto, (min-width: 1200px) 183.75px, (min-width: 992px) 150px, (min-width: 576px) 105px, calc( 50vw - 30px )\" aria-describedby=\"gallery-1-745\" \/><div class=\"post-action btn btn-skin-dark-shaded inverted\"><a href=\"https:\/\/lizzit.it\/wp-content\/uploads\/2015\/03\/foto_grafico_demo_200916_5.png\" class=\"icn-expand\" data-lb-type=\"grouped-gallery\" title=\"PhyLab 2.0 Example chart (1\/5)\"><\/a><\/div>\r\n                        <\/div>\r\n                              <figcaption class='wp-caption-text gallery-caption' id='gallery-1-745'>\r\n                              PhyLab 2.0 Example chart (1\/5)\r\n                              <\/figcaption><\/figure><figure class='gallery-item col col-auto'>\r\n                        <div class='gallery-icon portrait czr-gallery-icon'>\r\n                              <a href=https:\/\/lizzit.it\/it\/philab-2-0\/foto_grafico_demo_200916_1\/ class=\"bg-link\"><\/a><img loading=\"lazy\" decoding=\"async\" width=\"150\" height=\"150\" src=\"https:\/\/lizzit.it\/wp-content\/uploads\/2015\/03\/foto_grafico_demo_200916_1-150x150.png\" class=\"attachment-thumbnail size-thumbnail\" alt=\"\" sizes=\"auto, (min-width: 1200px) 183.75px, (min-width: 992px) 150px, (min-width: 576px) 105px, calc( 50vw - 30px )\" aria-describedby=\"gallery-1-741\" \/><div class=\"post-action btn btn-skin-dark-shaded inverted\"><a href=\"https:\/\/lizzit.it\/wp-content\/uploads\/2015\/03\/foto_grafico_demo_200916_1.png\" class=\"icn-expand\" data-lb-type=\"grouped-gallery\" title=\"PhyLab 2.0 Example chart (2\/5)\"><\/a><\/div>\r\n                        <\/div>\r\n                              <figcaption class='wp-caption-text gallery-caption' id='gallery-1-741'>\r\n                              PhyLab 2.0 Example chart (2\/5)\r\n                              <\/figcaption><\/figure><figure class='gallery-item col col-auto'>\r\n                        <div class='gallery-icon portrait czr-gallery-icon'>\r\n                              <a href=https:\/\/lizzit.it\/it\/philab-2-0\/foto_grafico_demo_200916_2\/ class=\"bg-link\"><\/a><img loading=\"lazy\" decoding=\"async\" width=\"150\" height=\"150\" src=\"https:\/\/lizzit.it\/wp-content\/uploads\/2015\/03\/foto_grafico_demo_200916_2-150x150.png\" class=\"attachment-thumbnail size-thumbnail\" alt=\"\" sizes=\"auto, (min-width: 1200px) 183.75px, (min-width: 992px) 150px, (min-width: 576px) 105px, calc( 50vw - 30px )\" aria-describedby=\"gallery-1-742\" \/><div class=\"post-action btn btn-skin-dark-shaded inverted\"><a href=\"https:\/\/lizzit.it\/wp-content\/uploads\/2015\/03\/foto_grafico_demo_200916_2.png\" class=\"icn-expand\" data-lb-type=\"grouped-gallery\" title=\"PhyLab 2.0 Example chart (3\/5)\"><\/a><\/div>\r\n                        <\/div>\r\n                              <figcaption class='wp-caption-text gallery-caption' id='gallery-1-742'>\r\n                              PhyLab 2.0 Example chart (3\/5)\r\n                              <\/figcaption><\/figure><figure class='gallery-item col col-auto'>\r\n                        <div class='gallery-icon portrait czr-gallery-icon'>\r\n                              <a href=https:\/\/lizzit.it\/it\/philab-2-0\/foto_grafico_demo_200916_3\/ class=\"bg-link\"><\/a><img loading=\"lazy\" decoding=\"async\" width=\"150\" height=\"150\" src=\"https:\/\/lizzit.it\/wp-content\/uploads\/2015\/03\/foto_grafico_demo_200916_3-150x150.png\" class=\"attachment-thumbnail size-thumbnail\" alt=\"\" sizes=\"auto, (min-width: 1200px) 183.75px, (min-width: 992px) 150px, (min-width: 576px) 105px, calc( 50vw - 30px )\" aria-describedby=\"gallery-1-743\" \/><div class=\"post-action btn btn-skin-dark-shaded inverted\"><a href=\"https:\/\/lizzit.it\/wp-content\/uploads\/2015\/03\/foto_grafico_demo_200916_3.png\" class=\"icn-expand\" data-lb-type=\"grouped-gallery\" title=\"PhyLab 2.0 Example chart (4\/5)\"><\/a><\/div>\r\n                        <\/div>\r\n                              <figcaption class='wp-caption-text gallery-caption' id='gallery-1-743'>\r\n                              PhyLab 2.0 Example chart (4\/5)\r\n                              <\/figcaption><\/figure><figure class='gallery-item col col-auto'>\r\n                        <div class='gallery-icon portrait czr-gallery-icon'>\r\n                              <a href=https:\/\/lizzit.it\/it\/philab-2-0\/foto_grafico_demo_200916_4\/ class=\"bg-link\"><\/a><img loading=\"lazy\" decoding=\"async\" width=\"150\" height=\"150\" src=\"https:\/\/lizzit.it\/wp-content\/uploads\/2015\/03\/foto_grafico_demo_200916_4-150x150.png\" class=\"attachment-thumbnail size-thumbnail\" alt=\"\" sizes=\"auto, (min-width: 1200px) 183.75px, (min-width: 992px) 150px, (min-width: 576px) 105px, calc( 50vw - 30px )\" aria-describedby=\"gallery-1-744\" \/><div class=\"post-action btn btn-skin-dark-shaded inverted\"><a href=\"https:\/\/lizzit.it\/wp-content\/uploads\/2015\/03\/foto_grafico_demo_200916_4.png\" class=\"icn-expand\" data-lb-type=\"grouped-gallery\" title=\"PhyLab 2.0 Example chart (5\/5)\"><\/a><\/div>\r\n                        <\/div>\r\n                              <figcaption class='wp-caption-text gallery-caption' id='gallery-1-744'>\r\n                              PhyLab 2.0 Example chart (5\/5)\r\n                              <\/figcaption><\/figure>\r\n                  <\/div>\n<\/p>","protected":false},"excerpt":{"rendered":"<p>\u00a0Developed by: Michele Lizzit, Daniele Toppano, Marco Ferrari 3E liceo scientifico N.Copernico Udine Il PhyLab 2.0 \u00e8 un sistema per l\u2019acquisizione e l\u2019elaborazione di dati pensato per essere usato in un laboratorio scolastico di fisica. \u00c8 in grado di acquisire misure in maniera automatica e trasmettere i dati direttamente agli smartphone o altri dispositivi connessi, [&hellip;]<\/p>\n","protected":false},"author":1,"featured_media":512,"parent":0,"menu_order":0,"comment_status":"open","ping_status":"closed","template":"","meta":{"footnotes":""},"class_list":["post-502","page","type-page","status-publish","has-post-thumbnail","czr-hentry"],"_links":{"self":[{"href":"https:\/\/lizzit.it\/it\/wp-json\/wp\/v2\/pages\/502","targetHints":{"allow":["GET"]}}],"collection":[{"href":"https:\/\/lizzit.it\/it\/wp-json\/wp\/v2\/pages"}],"about":[{"href":"https:\/\/lizzit.it\/it\/wp-json\/wp\/v2\/types\/page"}],"author":[{"embeddable":true,"href":"https:\/\/lizzit.it\/it\/wp-json\/wp\/v2\/users\/1"}],"replies":[{"embeddable":true,"href":"https:\/\/lizzit.it\/it\/wp-json\/wp\/v2\/comments?post=502"}],"version-history":[{"count":110,"href":"https:\/\/lizzit.it\/it\/wp-json\/wp\/v2\/pages\/502\/revisions"}],"predecessor-version":[{"id":771,"href":"https:\/\/lizzit.it\/it\/wp-json\/wp\/v2\/pages\/502\/revisions\/771"}],"wp:featuredmedia":[{"embeddable":true,"href":"https:\/\/lizzit.it\/it\/wp-json\/wp\/v2\/media\/512"}],"wp:attachment":[{"href":"https:\/\/lizzit.it\/it\/wp-json\/wp\/v2\/media?parent=502"}],"curies":[{"name":"wp","href":"https:\/\/api.w.org\/{rel}","templated":true}]}}