{"id":307,"date":"2014-08-11T17:03:36","date_gmt":"2014-08-11T15:03:36","guid":{"rendered":"http:\/\/lizzit.it\/?page_id=307"},"modified":"2016-09-15T22:08:40","modified_gmt":"2016-09-15T20:08:40","slug":"il-contachilometri","status":"publish","type":"page","link":"https:\/\/lizzit.it\/it\/le-altre-mie-invenzioni\/il-contachilometri\/","title":{"rendered":"Il contachilometri DIY"},"content":{"rendered":"<p>Il contachilometri da bici \u00e8 uno dei miei primi progetti con Arduino, realizzato quando avevo 12 anni.<br \/>\nSfrutta un sensore magnetico e un magnete attaccato sulla ruota e calcola in base alla circonferenza della ruota la velocit\u00e0 della bici. Calcola anche la lunghezza del tragitto percorso e l\u2019ora grazie all\u2019Arduino lilypad, indica la carica della batteria e la temperatura sfruttando il sensore integrato nell&#8217;Atmega328. Ho usato un Arduino Lilypad (ricevuto in regalo) e uno Sparkfun SerLCD v2.5, tre pulsanti NO collegati a 3 ingressi di Arduino che chiudono a massa e un interruttore di ON\/OFF sulla batteria, la batteria \u00e8 composta da 3xAA, l&#8217;Arduino ricava dalla tensione in ingresso il livello di carica della batteria e sfruttando i caratteri custom dell&#8217;HD44780 ne mostra il livello sull&#8217;LCD. Il contatore dei chilometri percorsi pu\u00f2 essere resettato utilizzando il men\u00f9 del sistema, da cui \u00e8 anche possibile configurare l\u2019ora.<br \/>\nIl sensore di rotazione \u00e8 un contatto magnetico, sul raggio \u00e8 stato installato un piccolo magnete. Il tutto \u00e8 in una scatola (alla quale ha lavorato il pap\u00e0).<\/p>\n<figure id=\"attachment_455\" aria-describedby=\"caption-attachment-455\" style=\"width: 225px\" class=\"wp-caption alignright\"><a href=\"http:\/\/lizzit.it\/wp-content\/uploads\/2014\/08\/DSCN11131.jpg\"><img loading=\"lazy\" decoding=\"async\" class=\"wp-image-455 size-medium\" src=\"http:\/\/lizzit.it\/wp-content\/uploads\/2014\/08\/DSCN11131-225x300.jpg\" alt=\"Il contachilometri\" width=\"225\" height=\"300\" srcset=\"https:\/\/lizzit.it\/wp-content\/uploads\/2014\/08\/DSCN11131-225x300.jpg 225w, https:\/\/lizzit.it\/wp-content\/uploads\/2014\/08\/DSCN11131-768x1024.jpg 768w, https:\/\/lizzit.it\/wp-content\/uploads\/2014\/08\/DSCN11131.jpg 1152w\" sizes=\"auto, (max-width: 225px) 100vw, 225px\" \/><\/a><figcaption id=\"caption-attachment-455\" class=\"wp-caption-text\">Il contachilometri<\/figcaption><\/figure>\n<p><figure id=\"attachment_289\" aria-describedby=\"caption-attachment-289\" style=\"width: 300px\" class=\"wp-caption alignleft\"><a href=\"http:\/\/lizzit.it\/wp-content\/uploads\/2014\/06\/contachilometri_HD.jpg\"><img loading=\"lazy\" decoding=\"async\" class=\"wp-image-289 size-medium\" src=\"http:\/\/lizzit.it\/wp-content\/uploads\/2014\/06\/contachilometri_HD-300x225.jpg\" alt=\"Il contachilometri\" width=\"300\" height=\"225\" srcset=\"https:\/\/lizzit.it\/wp-content\/uploads\/2014\/06\/contachilometri_HD-300x225.jpg 300w, https:\/\/lizzit.it\/wp-content\/uploads\/2014\/06\/contachilometri_HD-1024x768.jpg 1024w\" sizes=\"auto, (max-width: 300px) 100vw, 300px\" \/><\/a><figcaption id=\"caption-attachment-289\" class=\"wp-caption-text\">Il contachilometri<\/figcaption><\/figure><\/p>","protected":false},"excerpt":{"rendered":"<p>Il contachilometri da bici \u00e8 uno dei miei primi progetti con Arduino, realizzato quando avevo 12 anni. Sfrutta un sensore magnetico e un magnete attaccato sulla ruota e calcola in base alla circonferenza della ruota la velocit\u00e0 della bici. Calcola anche la lunghezza del tragitto percorso e l\u2019ora grazie all\u2019Arduino lilypad, indica la carica della [&hellip;]<\/p>\n","protected":false},"author":1,"featured_media":0,"parent":131,"menu_order":0,"comment_status":"open","ping_status":"open","template":"","meta":{"footnotes":""},"class_list":["post-307","page","type-page","status-publish","czr-hentry"],"_links":{"self":[{"href":"https:\/\/lizzit.it\/it\/wp-json\/wp\/v2\/pages\/307","targetHints":{"allow":["GET"]}}],"collection":[{"href":"https:\/\/lizzit.it\/it\/wp-json\/wp\/v2\/pages"}],"about":[{"href":"https:\/\/lizzit.it\/it\/wp-json\/wp\/v2\/types\/page"}],"author":[{"embeddable":true,"href":"https:\/\/lizzit.it\/it\/wp-json\/wp\/v2\/users\/1"}],"replies":[{"embeddable":true,"href":"https:\/\/lizzit.it\/it\/wp-json\/wp\/v2\/comments?post=307"}],"version-history":[{"count":9,"href":"https:\/\/lizzit.it\/it\/wp-json\/wp\/v2\/pages\/307\/revisions"}],"predecessor-version":[{"id":698,"href":"https:\/\/lizzit.it\/it\/wp-json\/wp\/v2\/pages\/307\/revisions\/698"}],"up":[{"embeddable":true,"href":"https:\/\/lizzit.it\/it\/wp-json\/wp\/v2\/pages\/131"}],"wp:attachment":[{"href":"https:\/\/lizzit.it\/it\/wp-json\/wp\/v2\/media?parent=307"}],"curies":[{"name":"wp","href":"https:\/\/api.w.org\/{rel}","templated":true}]}}